{"id":13,"date":"2021-07-07T15:41:54","date_gmt":"2021-07-07T18:41:54","guid":{"rendered":"http:\/\/informaticati.com.br\/?page_id=13"},"modified":"2021-07-07T23:50:51","modified_gmt":"2021-07-08T02:50:51","slug":"bem-vindos-a-informaticati","status":"publish","type":"page","link":"https:\/\/informaticati.com.br\/?page_id=13","title":{"rendered":"Bem vindos \u00e0 InformaticaTI"},"content":{"rendered":"\n<p class=\"has-vivid-cyan-blue-color has-text-color has-large-font-size\"><strong>A Empresa<\/strong><\/p>\n\n\n\n<p>No mercado desde 2013, a InformaticaTI nasceu com o prop\u00f3sito de ser uma das melhores empresas de TI do pa\u00eds e oferecer m\u00e3o de obra especializada para micro, pequenas, m\u00e9dias e grandes empresas al\u00e9m de \u00f3rg\u00e3os p\u00fablicos que necessitam de administra\u00e7\u00e3o de rede, suporte de TI, elabora\u00e7\u00e3o e implanta\u00e7\u00e3o de projetos de rede de dados com pre\u00e7o justo e qualidade nos servi\u00e7os prestados.<\/p>\n\n\n\n<p class=\"has-vivid-cyan-blue-color has-text-color has-large-font-size\"><strong>Miss\u00e3o<\/strong><\/p>\n\n\n\n<p>Fornecer solu\u00e7\u00f5es de suporte de TI para empresas, de forma organizada e competente, primando por uma experi\u00eancia positiva no relacionamento com nossos clientes, parceiros e colaboradores.<\/p>\n\n\n\n<p class=\"has-vivid-cyan-blue-color has-text-color has-large-font-size\"><strong>Vis\u00e3o<\/strong><\/p>\n\n\n\n<p>Tornar-se refer\u00eancia nacional no desenvolvimento e fornecimento de solu\u00e7\u00f5es em Tecnologia da Informa\u00e7\u00e3o e Comunica\u00e7\u00e3o para redes corporativas.<\/p>\n\n\n\n<p class=\"has-vivid-cyan-blue-color has-text-color has-large-font-size\"><strong>Valores<\/strong><\/p>\n\n\n\n<p>Investir continuamente em capacita\u00e7\u00e3o profissional, forma\u00e7\u00e3o individual e integra\u00e7\u00e3o de equipe objetivando o atendimento humanizado e eficiente.<\/p>\n","protected":false},"excerpt":{"rendered":"<p>A Empresa No mercado desde 2013, a InformaticaTI nasceu com o prop\u00f3sito de ser uma das melhores empresas de TI do pa\u00eds e oferecer m\u00e3o de obra especializada para micro, pequenas, m\u00e9dias e grandes empresas al\u00e9m de \u00f3rg\u00e3os p\u00fablicos que necessitam de administra\u00e7\u00e3o de rede, suporte de TI, elabora\u00e7\u00e3o e implanta\u00e7\u00e3o de projetos de rede [&hellip;]<\/p>\n","protected":false},"author":1,"featured_media":0,"parent":0,"menu_order":0,"comment_status":"closed","ping_status":"closed","template":"","meta":[],"_links":{"self":[{"href":"https:\/\/informaticati.com.br\/index.php?rest_route=\/wp\/v2\/pages\/13"}],"collection":[{"href":"https:\/\/informaticati.com.br\/index.php?rest_route=\/wp\/v2\/pages"}],"about":[{"href":"https:\/\/informaticati.com.br\/index.php?rest_route=\/wp\/v2\/types\/page"}],"author":[{"embeddable":true,"href":"https:\/\/informaticati.com.br\/index.php?rest_route=\/wp\/v2\/users\/1"}],"replies":[{"embeddable":true,"href":"https:\/\/informaticati.com.br\/index.php?rest_route=%2Fwp%2Fv2%2Fcomments&post=13"}],"version-history":[{"count":3,"href":"https:\/\/informaticati.com.br\/index.php?rest_route=\/wp\/v2\/pages\/13\/revisions"}],"predecessor-version":[{"id":25,"href":"https:\/\/informaticati.com.br\/index.php?rest_route=\/wp\/v2\/pages\/13\/revisions\/25"}],"wp:attachment":[{"href":"https:\/\/informaticati.com.br\/index.php?rest_route=%2Fwp%2Fv2%2Fmedia&parent=13"}],"curies":[{"name":"wp","href":"https:\/\/api.w.org\/{rel}","templated":true}]}}